{"id":982,"date":"2026-02-10T18:50:41","date_gmt":"2026-02-10T17:50:41","guid":{"rendered":"https:\/\/riresdenfants-rouen.fr\/RE\/?page_id=982"},"modified":"2026-02-10T20:32:35","modified_gmt":"2026-02-10T19:32:35","slug":"faire-une-don","status":"publish","type":"page","link":"https:\/\/riresdenfants-rouen.fr\/RE\/faire-une-don\/","title":{"rendered":"Faire un don"},"content":{"rendered":"\n<div class=\"wp-block-media-text is-stacked-on-mobile\"><figure class=\"wp-block-media-text__media\"><img decoding=\"async\" src=\"https:\/\/riresdenfants-rouen.fr\/RE\/wp-content\/uploads\/2024\/12\/DB37AA52-67CD-4756-9C13-471F32526515.heic\" alt=\"\" class=\"wp-image-936 size-full\"\/><\/figure><div class=\"wp-block-media-text__content\">\n<p class=\"has-medium-font-size\">Vous pouvez nous soutenir et contribuer \u00e0 nos projets (comme cette fresque r\u00e9alis\u00e9e par un artiste en salle d&#8217;attente des urgences p\u00e9diatriques) en faisant un don.<\/p>\n\n\n\n<p class=\"has-medium-font-size\">Nous utilisons le service s\u00e9curis\u00e9 de Hello Asso pour recueillir les dons en ligne (paiement en ligne par CB, Apple Pay et Google Pay). Vous aurez \u00e0 compl\u00e9ter vos coordonn\u00e9es avant de passer au paiement pour pouvoir \u00e9tablir le re\u00e7u.<\/p>\n\n\n\n<p class=\"has-medium-font-size\">Une fois votre versement enregistr\u00e9, vous recevrez le formulaire CERFA de re\u00e7u et de d\u00e9duction fiscale \u00e9dit\u00e9 par Hello Asso.<\/p>\n<\/div><\/div>\n\n\n\n\t\t\t<iframe\n\t\t\t\tid=\"idIframe\"\n\t\t\t\tsrc=\"https:\/\/www.helloasso.com\/associations\/rires-d-enfants\/formulaires\/1\/widget\"\n\t\t\t\theight=750px\"\t\t\t\twidth=100%\"\t\t\t\tframeborder=\"0\"\n\t\t\t\tloading=\"lazy\"\n\t\t\t\tallowtransparency=\"true\"\n\t\t\t\tonload=\"resizeIframeMessage()\"><\/iframe>\n\n\n\n\n<p style=\"font-size:26px\">Si vous le pr\u00e9f\u00e9rez, vous pouvez aussi utiliser le formulaire ci-dessous \u00e0 t\u00e9l\u00e9charger, imprimer et \u00e0 nous retourner par courrier avec votre ch\u00e8que.<\/p>\n\n\n\n<p class=\"has-text-align-center\" style=\"font-size:26px\"><a href=\"https:\/\/riresdenfants-rouen.fr\/RE\/wp-content\/uploads\/2026\/02\/FORMULAIRE-DON-PDF-026.pdf\">Cliquer ici pour t\u00e9l\u00e9charger le formulaire <\/a><\/p>\n\n\n\n<p><\/p>\n","protected":false},"excerpt":{"rendered":"<p>Vous pouvez nous soutenir et contribuer \u00e0 nos projets (comme cette fresque r\u00e9alis\u00e9e par un artiste en salle d&#8217;attente des urgences p\u00e9diatriques) en faisant un don. Nous utilisons le service s\u00e9curis\u00e9 de Hello Asso pour recueillir les dons en ligne (paiement en ligne par CB, Apple Pay et Google Pay). Vous aurez \u00e0 compl\u00e9ter vos [&hellip;]<\/p>\n","protected":false},"author":1,"featured_media":0,"parent":0,"menu_order":0,"comment_status":"closed","ping_status":"closed","template":"","meta":{"footnotes":""},"yoast_head":"<!-- This site is optimized with the Yoast SEO plugin v21.1 - https:\/\/yoast.com\/wordpress\/plugins\/seo\/ -->\n<title>Faire un don - Rires d&#039;enfants Rouen<\/title>\n<meta name=\"robots\" content=\"index, follow, max-snippet:-1, max-image-preview:large, max-video-preview:-1\" \/>\n<link rel=\"canonical\" href=\"https:\/\/riresdenfants-rouen.fr\/RE\/faire-une-don\/\" \/>\n<meta property=\"og:locale\" content=\"fr_FR\" \/>\n<meta property=\"og:type\" content=\"article\" \/>\n<meta property=\"og:title\" content=\"Faire un don - Rires d&#039;enfants Rouen\" \/>\n<meta property=\"og:description\" content=\"Vous pouvez nous soutenir et contribuer \u00e0 nos projets (comme cette fresque r\u00e9alis\u00e9e par un artiste en salle d&#8217;attente des urgences p\u00e9diatriques) en faisant un don. Nous utilisons le service s\u00e9curis\u00e9 de Hello Asso pour recueillir les dons en ligne (paiement en ligne par CB, Apple Pay et Google Pay). Vous aurez \u00e0 compl\u00e9ter vos [&hellip;]\" \/>\n<meta property=\"og:url\" content=\"https:\/\/riresdenfants-rouen.fr\/RE\/faire-une-don\/\" \/>\n<meta property=\"og:site_name\" content=\"Rires d&#039;enfants Rouen\" \/>\n<meta property=\"article:publisher\" content=\"https:\/\/www.facebook.com\/Association-Rires-dEnfants-Rouen-211721688936602\/?view_public_for=211721688936602\" \/>\n<meta property=\"article:modified_time\" content=\"2026-02-10T19:32:35+00:00\" \/>\n<meta property=\"og:image\" content=\"https:\/\/riresdenfants-rouen.fr\/RE\/wp-content\/uploads\/2024\/12\/DB37AA52-67CD-4756-9C13-471F32526515.heic\" \/>\n<meta name=\"twitter:card\" content=\"summary_large_image\" \/>\n<meta name=\"twitter:label1\" content=\"Dur\u00e9e de lecture estim\u00e9e\" \/>\n\t<meta name=\"twitter:data1\" content=\"1 minute\" \/>\n<script type=\"application\/ld+json\" class=\"yoast-schema-graph\">{\"@context\":\"https:\/\/schema.org\",\"@graph\":[{\"@type\":\"WebPage\",\"@id\":\"https:\/\/riresdenfants-rouen.fr\/RE\/faire-une-don\/\",\"url\":\"https:\/\/riresdenfants-rouen.fr\/RE\/faire-une-don\/\",\"name\":\"Faire un don - Rires d&#039;enfants Rouen\",\"isPartOf\":{\"@id\":\"https:\/\/riresdenfants-rouen.fr\/RE\/#website\"},\"datePublished\":\"2026-02-10T17:50:41+00:00\",\"dateModified\":\"2026-02-10T19:32:35+00:00\",\"breadcrumb\":{\"@id\":\"https:\/\/riresdenfants-rouen.fr\/RE\/faire-une-don\/#breadcrumb\"},\"inLanguage\":\"fr-FR\",\"potentialAction\":[{\"@type\":\"ReadAction\",\"target\":[\"https:\/\/riresdenfants-rouen.fr\/RE\/faire-une-don\/\"]}]},{\"@type\":\"BreadcrumbList\",\"@id\":\"https:\/\/riresdenfants-rouen.fr\/RE\/faire-une-don\/#breadcrumb\",\"itemListElement\":[{\"@type\":\"ListItem\",\"position\":1,\"name\":\"Accueil\",\"item\":\"https:\/\/riresdenfants-rouen.fr\/RE\/\"},{\"@type\":\"ListItem\",\"position\":2,\"name\":\"Faire un don\"}]},{\"@type\":\"WebSite\",\"@id\":\"https:\/\/riresdenfants-rouen.fr\/RE\/#website\",\"url\":\"https:\/\/riresdenfants-rouen.fr\/RE\/\",\"name\":\"Rires d&#039;enfants Rouen\",\"description\":\"Rires d&#039;enfants intervient au CHU Rouen depuis plus de 40 ans pr\u00e8s des enfants malades avec 80 B\u00e9n\u00e9voles\",\"publisher\":{\"@id\":\"https:\/\/riresdenfants-rouen.fr\/RE\/#organization\"},\"potentialAction\":[{\"@type\":\"SearchAction\",\"target\":{\"@type\":\"EntryPoint\",\"urlTemplate\":\"https:\/\/riresdenfants-rouen.fr\/RE\/?s={search_term_string}\"},\"query-input\":\"required name=search_term_string\"}],\"inLanguage\":\"fr-FR\"},{\"@type\":\"Organization\",\"@id\":\"https:\/\/riresdenfants-rouen.fr\/RE\/#organization\",\"name\":\"Rires d&#039;enfants Rouen\",\"url\":\"https:\/\/riresdenfants-rouen.fr\/RE\/\",\"logo\":{\"@type\":\"ImageObject\",\"inLanguage\":\"fr-FR\",\"@id\":\"https:\/\/riresdenfants-rouen.fr\/RE\/#\/schema\/logo\/image\/\",\"url\":\"https:\/\/riresdenfants-rouen.fr\/RE\/wp-content\/uploads\/2020\/08\/cropped-cropped-rire_enfants_logo-e1504523736962-300x300-1-2.jpg\",\"contentUrl\":\"https:\/\/riresdenfants-rouen.fr\/RE\/wp-content\/uploads\/2020\/08\/cropped-cropped-rire_enfants_logo-e1504523736962-300x300-1-2.jpg\",\"width\":248,\"height\":248,\"caption\":\"Rires d&#039;enfants Rouen\"},\"image\":{\"@id\":\"https:\/\/riresdenfants-rouen.fr\/RE\/#\/schema\/logo\/image\/\"},\"sameAs\":[\"https:\/\/www.facebook.com\/Association-Rires-dEnfants-Rouen-211721688936602\/?view_public_for=211721688936602\"]}]}<\/script>\n<!-- \/ Yoast SEO plugin. -->","yoast_head_json":{"title":"Faire un don - Rires d&#039;enfants Rouen","robots":{"index":"index","follow":"follow","max-snippet":"max-snippet:-1","max-image-preview":"max-image-preview:large","max-video-preview":"max-video-preview:-1"},"canonical":"https:\/\/riresdenfants-rouen.fr\/RE\/faire-une-don\/","og_locale":"fr_FR","og_type":"article","og_title":"Faire un don - Rires d&#039;enfants Rouen","og_description":"Vous pouvez nous soutenir et contribuer \u00e0 nos projets (comme cette fresque r\u00e9alis\u00e9e par un artiste en salle d&#8217;attente des urgences p\u00e9diatriques) en faisant un don. Nous utilisons le service s\u00e9curis\u00e9 de Hello Asso pour recueillir les dons en ligne (paiement en ligne par CB, Apple Pay et Google Pay). Vous aurez \u00e0 compl\u00e9ter vos [&hellip;]","og_url":"https:\/\/riresdenfants-rouen.fr\/RE\/faire-une-don\/","og_site_name":"Rires d&#039;enfants Rouen","article_publisher":"https:\/\/www.facebook.com\/Association-Rires-dEnfants-Rouen-211721688936602\/?view_public_for=211721688936602","article_modified_time":"2026-02-10T19:32:35+00:00","og_image":[{"url":"https:\/\/riresdenfants-rouen.fr\/RE\/wp-content\/uploads\/2024\/12\/DB37AA52-67CD-4756-9C13-471F32526515.heic"}],"twitter_card":"summary_large_image","twitter_misc":{"Dur\u00e9e de lecture estim\u00e9e":"1 minute"},"schema":{"@context":"https:\/\/schema.org","@graph":[{"@type":"WebPage","@id":"https:\/\/riresdenfants-rouen.fr\/RE\/faire-une-don\/","url":"https:\/\/riresdenfants-rouen.fr\/RE\/faire-une-don\/","name":"Faire un don - Rires d&#039;enfants Rouen","isPartOf":{"@id":"https:\/\/riresdenfants-rouen.fr\/RE\/#website"},"datePublished":"2026-02-10T17:50:41+00:00","dateModified":"2026-02-10T19:32:35+00:00","breadcrumb":{"@id":"https:\/\/riresdenfants-rouen.fr\/RE\/faire-une-don\/#breadcrumb"},"inLanguage":"fr-FR","potentialAction":[{"@type":"ReadAction","target":["https:\/\/riresdenfants-rouen.fr\/RE\/faire-une-don\/"]}]},{"@type":"BreadcrumbList","@id":"https:\/\/riresdenfants-rouen.fr\/RE\/faire-une-don\/#breadcrumb","itemListElement":[{"@type":"ListItem","position":1,"name":"Accueil","item":"https:\/\/riresdenfants-rouen.fr\/RE\/"},{"@type":"ListItem","position":2,"name":"Faire un don"}]},{"@type":"WebSite","@id":"https:\/\/riresdenfants-rouen.fr\/RE\/#website","url":"https:\/\/riresdenfants-rouen.fr\/RE\/","name":"Rires d&#039;enfants Rouen","description":"Rires d&#039;enfants intervient au CHU Rouen depuis plus de 40 ans pr\u00e8s des enfants malades avec 80 B\u00e9n\u00e9voles","publisher":{"@id":"https:\/\/riresdenfants-rouen.fr\/RE\/#organization"},"potentialAction":[{"@type":"SearchAction","target":{"@type":"EntryPoint","urlTemplate":"https:\/\/riresdenfants-rouen.fr\/RE\/?s={search_term_string}"},"query-input":"required name=search_term_string"}],"inLanguage":"fr-FR"},{"@type":"Organization","@id":"https:\/\/riresdenfants-rouen.fr\/RE\/#organization","name":"Rires d&#039;enfants Rouen","url":"https:\/\/riresdenfants-rouen.fr\/RE\/","logo":{"@type":"ImageObject","inLanguage":"fr-FR","@id":"https:\/\/riresdenfants-rouen.fr\/RE\/#\/schema\/logo\/image\/","url":"https:\/\/riresdenfants-rouen.fr\/RE\/wp-content\/uploads\/2020\/08\/cropped-cropped-rire_enfants_logo-e1504523736962-300x300-1-2.jpg","contentUrl":"https:\/\/riresdenfants-rouen.fr\/RE\/wp-content\/uploads\/2020\/08\/cropped-cropped-rire_enfants_logo-e1504523736962-300x300-1-2.jpg","width":248,"height":248,"caption":"Rires d&#039;enfants Rouen"},"image":{"@id":"https:\/\/riresdenfants-rouen.fr\/RE\/#\/schema\/logo\/image\/"},"sameAs":["https:\/\/www.facebook.com\/Association-Rires-dEnfants-Rouen-211721688936602\/?view_public_for=211721688936602"]}]}},"_links":{"self":[{"href":"https:\/\/riresdenfants-rouen.fr\/RE\/wp-json\/wp\/v2\/pages\/982"}],"collection":[{"href":"https:\/\/riresdenfants-rouen.fr\/RE\/wp-json\/wp\/v2\/pages"}],"about":[{"href":"https:\/\/riresdenfants-rouen.fr\/RE\/wp-json\/wp\/v2\/types\/page"}],"author":[{"embeddable":true,"href":"https:\/\/riresdenfants-rouen.fr\/RE\/wp-json\/wp\/v2\/users\/1"}],"replies":[{"embeddable":true,"href":"https:\/\/riresdenfants-rouen.fr\/RE\/wp-json\/wp\/v2\/comments?post=982"}],"version-history":[{"count":18,"href":"https:\/\/riresdenfants-rouen.fr\/RE\/wp-json\/wp\/v2\/pages\/982\/revisions"}],"predecessor-version":[{"id":1016,"href":"https:\/\/riresdenfants-rouen.fr\/RE\/wp-json\/wp\/v2\/pages\/982\/revisions\/1016"}],"wp:attachment":[{"href":"https:\/\/riresdenfants-rouen.fr\/RE\/wp-json\/wp\/v2\/media?parent=982"}],"curies":[{"name":"wp","href":"https:\/\/api.w.org\/{rel}","templated":true}]}}