{"id":35,"date":"2020-08-09T12:12:56","date_gmt":"2020-08-09T10:12:56","guid":{"rendered":"https:\/\/riresdenfants-rouen.fr\/RE\/?page_id=35"},"modified":"2024-12-09T13:50:13","modified_gmt":"2024-12-09T12:50:13","slug":"accueil","status":"publish","type":"page","link":"https:\/\/riresdenfants-rouen.fr\/RE\/accueil\/","title":{"rendered":"Pr\u00e9sentation"},"content":{"rendered":"\n<p>Bonjour, et bienvenue sur le site de l&#8217;association rouennaise &#8220;Rires d&#8217;enfants&#8221;.&nbsp;<\/p>\n\n\n\n<p>Notre action, en partenariat avec le CHU de Rouen, vise \u00e0 apporter soutien et r\u00e9confort aux enfants hospitalis\u00e9s. L&#8217;attente d&#8217;une op\u00e9ration ou des soins peut s&#8217;av\u00e9rer difficile \u00e0 la fois pour les enfants, mais aussi pour les parents qui restent parfois nuit et jour \u00e0 leur chevet. Les membres de l&#8217;association sont l\u00e0 pour les divertir, et permettre aux parents de s&#8217;\u00e9clipser le temps d&#8217;un caf\u00e9 ou d&#8217;un moment de d\u00e9compression.<br>Nous intervenons aussi dans la salle d\u2019attente des urgences et dans les salles de consultation. Nous menons et nous r\u00e9alisons des projets gr\u00e2ce \u00e0 vos dons pour am\u00e9liorer le cadre d&#8217;accueil de d&#8217;hospitalisation des enfants (fresques, d\u00e9coration des couloirs, des salles d&#8217;attente, mobilier adapt\u00e9 aux activit\u00e9s aux urgences, d\u00e9coration des chambres, douces veilleuse au lieu des n\u00e9ons des chambres par exemple).<br>Notre \u00e9quipe est compos\u00e9e actuellement d\u2019une centaine de b\u00e9n\u00e9voles pr\u00e9sents toute la semaine. Leur motivation et leur dynamisme cr\u00e9ent un mouvement dans lequel les id\u00e9es foisonnent et aboutissent \u00e0 la cr\u00e9ation d&#8217;activit\u00e9s adapt\u00e9es aux tous petits comme aux adolescents.<\/p>\n\n\n\n<p>Chaque semaine, nous sommes attendus par les enfants, les parents ainsi que le personnel soignant. Je ne saurais vous d\u00e9crire la joie que nous procure cet accueil \u00e0 chacune de nos interventions.<br>Notre pr\u00e9sence apporte un nouveau regard sur l&#8217;h\u00f4pital, que nous aimons remplir de rires d&#8217;enfants.<\/p>\n\n\n\n<p>La Pr\u00e9sidente<\/p>\n\n\n\n<figure class=\"wp-block-gallery has-nested-images columns-default is-cropped wp-block-gallery-1 is-layout-flex wp-block-gallery-is-layout-flex\">\n<figure class=\"wp-block-image size-large\"><img loading=\"lazy\" decoding=\"async\" width=\"384\" height=\"512\" data-id=\"893\" src=\"https:\/\/riresdenfants-rouen.fr\/RE\/wp-content\/uploads\/2024\/04\/Dino-384x512.jpeg\" alt=\"\" class=\"wp-image-893\" srcset=\"https:\/\/riresdenfants-rouen.fr\/RE\/wp-content\/uploads\/2024\/04\/Dino-384x512.jpeg 384w, https:\/\/riresdenfants-rouen.fr\/RE\/wp-content\/uploads\/2024\/04\/Dino-225x300.jpeg 225w, https:\/\/riresdenfants-rouen.fr\/RE\/wp-content\/uploads\/2024\/04\/Dino-768x1024.jpeg 768w, https:\/\/riresdenfants-rouen.fr\/RE\/wp-content\/uploads\/2024\/04\/Dino-1152x1536.jpeg 1152w, https:\/\/riresdenfants-rouen.fr\/RE\/wp-content\/uploads\/2024\/04\/Dino-1536x2048.jpeg 1536w, https:\/\/riresdenfants-rouen.fr\/RE\/wp-content\/uploads\/2024\/04\/Dino-scaled.jpeg 1920w\" sizes=\"(max-width: 384px) 100vw, 384px\" \/><\/figure>\n\n\n\n<figure class=\"wp-block-image size-large\"><img loading=\"lazy\" decoding=\"async\" width=\"384\" height=\"512\" data-id=\"912\" src=\"https:\/\/riresdenfants-rouen.fr\/RE\/wp-content\/uploads\/2024\/12\/IMG_0013-384x512.jpeg\" alt=\"\" class=\"wp-image-912\" srcset=\"https:\/\/riresdenfants-rouen.fr\/RE\/wp-content\/uploads\/2024\/12\/IMG_0013-384x512.jpeg 384w, https:\/\/riresdenfants-rouen.fr\/RE\/wp-content\/uploads\/2024\/12\/IMG_0013-225x300.jpeg 225w, https:\/\/riresdenfants-rouen.fr\/RE\/wp-content\/uploads\/2024\/12\/IMG_0013-768x1024.jpeg 768w, https:\/\/riresdenfants-rouen.fr\/RE\/wp-content\/uploads\/2024\/12\/IMG_0013-1152x1536.jpeg 1152w, https:\/\/riresdenfants-rouen.fr\/RE\/wp-content\/uploads\/2024\/12\/IMG_0013-1536x2048.jpeg 1536w, https:\/\/riresdenfants-rouen.fr\/RE\/wp-content\/uploads\/2024\/12\/IMG_0013-scaled.jpeg 1920w\" sizes=\"(max-width: 384px) 100vw, 384px\" \/><\/figure>\n\n\n\n<figure class=\"wp-block-image size-large\"><img loading=\"lazy\" decoding=\"async\" width=\"503\" height=\"512\" data-id=\"863\" src=\"https:\/\/riresdenfants-rouen.fr\/RE\/wp-content\/uploads\/2023\/12\/accueil-urg-503x512.jpeg\" alt=\"\" class=\"wp-image-863\" srcset=\"https:\/\/riresdenfants-rouen.fr\/RE\/wp-content\/uploads\/2023\/12\/accueil-urg-503x512.jpeg 503w, https:\/\/riresdenfants-rouen.fr\/RE\/wp-content\/uploads\/2023\/12\/accueil-urg-295x300.jpeg 295w, https:\/\/riresdenfants-rouen.fr\/RE\/wp-content\/uploads\/2023\/12\/accueil-urg-768x781.jpeg 768w, https:\/\/riresdenfants-rouen.fr\/RE\/wp-content\/uploads\/2023\/12\/accueil-urg.jpeg 1180w\" sizes=\"(max-width: 503px) 100vw, 503px\" \/><\/figure>\n\n\n\n<figure class=\"wp-block-image size-large\"><img loading=\"lazy\" decoding=\"async\" width=\"384\" height=\"512\" data-id=\"918\" src=\"https:\/\/riresdenfants-rouen.fr\/RE\/wp-content\/uploads\/2024\/12\/IMG_6328-1-384x512.jpeg\" alt=\"\" class=\"wp-image-918\" srcset=\"https:\/\/riresdenfants-rouen.fr\/RE\/wp-content\/uploads\/2024\/12\/IMG_6328-1-384x512.jpeg 384w, https:\/\/riresdenfants-rouen.fr\/RE\/wp-content\/uploads\/2024\/12\/IMG_6328-1-225x300.jpeg 225w, https:\/\/riresdenfants-rouen.fr\/RE\/wp-content\/uploads\/2024\/12\/IMG_6328-1-768x1024.jpeg 768w, https:\/\/riresdenfants-rouen.fr\/RE\/wp-content\/uploads\/2024\/12\/IMG_6328-1-1152x1536.jpeg 1152w, https:\/\/riresdenfants-rouen.fr\/RE\/wp-content\/uploads\/2024\/12\/IMG_6328-1-1536x2048.jpeg 1536w, https:\/\/riresdenfants-rouen.fr\/RE\/wp-content\/uploads\/2024\/12\/IMG_6328-1-scaled.jpeg 1920w\" sizes=\"(max-width: 384px) 100vw, 384px\" \/><\/figure>\n\n\n\n<figure class=\"wp-block-image size-large\"><img loading=\"lazy\" decoding=\"async\" width=\"384\" height=\"512\" data-id=\"910\" src=\"https:\/\/riresdenfants-rouen.fr\/RE\/wp-content\/uploads\/2024\/12\/stickers-porte-384x512.jpeg\" alt=\"\" class=\"wp-image-910\" srcset=\"https:\/\/riresdenfants-rouen.fr\/RE\/wp-content\/uploads\/2024\/12\/stickers-porte-384x512.jpeg 384w, https:\/\/riresdenfants-rouen.fr\/RE\/wp-content\/uploads\/2024\/12\/stickers-porte-225x300.jpeg 225w, https:\/\/riresdenfants-rouen.fr\/RE\/wp-content\/uploads\/2024\/12\/stickers-porte-768x1024.jpeg 768w, https:\/\/riresdenfants-rouen.fr\/RE\/wp-content\/uploads\/2024\/12\/stickers-porte-1152x1536.jpeg 1152w, https:\/\/riresdenfants-rouen.fr\/RE\/wp-content\/uploads\/2024\/12\/stickers-porte-1536x2048.jpeg 1536w, https:\/\/riresdenfants-rouen.fr\/RE\/wp-content\/uploads\/2024\/12\/stickers-porte-scaled.jpeg 1920w\" sizes=\"(max-width: 384px) 100vw, 384px\" \/><\/figure>\n\n\n\n<figure class=\"wp-block-image size-large\"><img loading=\"lazy\" decoding=\"async\" width=\"512\" height=\"384\" data-id=\"911\" src=\"https:\/\/riresdenfants-rouen.fr\/RE\/wp-content\/uploads\/2024\/12\/IMG_0019-512x384.jpeg\" alt=\"\" class=\"wp-image-911\" srcset=\"https:\/\/riresdenfants-rouen.fr\/RE\/wp-content\/uploads\/2024\/12\/IMG_0019-512x384.jpeg 512w, https:\/\/riresdenfants-rouen.fr\/RE\/wp-content\/uploads\/2024\/12\/IMG_0019-300x225.jpeg 300w, https:\/\/riresdenfants-rouen.fr\/RE\/wp-content\/uploads\/2024\/12\/IMG_0019-768x576.jpeg 768w, https:\/\/riresdenfants-rouen.fr\/RE\/wp-content\/uploads\/2024\/12\/IMG_0019-1536x1152.jpeg 1536w, https:\/\/riresdenfants-rouen.fr\/RE\/wp-content\/uploads\/2024\/12\/IMG_0019-2048x1536.jpeg 2048w\" sizes=\"(max-width: 512px) 100vw, 512px\" \/><\/figure>\n\n\n\n<figure class=\"wp-block-image size-full\"><img loading=\"lazy\" decoding=\"async\" width=\"960\" height=\"720\" data-id=\"619\" src=\"https:\/\/riresdenfants-rouen.fr\/RE\/wp-content\/uploads\/2022\/11\/patea-modeler-en-duo.jpg\" alt=\"\" class=\"wp-image-619\" srcset=\"https:\/\/riresdenfants-rouen.fr\/RE\/wp-content\/uploads\/2022\/11\/patea-modeler-en-duo.jpg 960w, https:\/\/riresdenfants-rouen.fr\/RE\/wp-content\/uploads\/2022\/11\/patea-modeler-en-duo-300x225.jpg 300w, https:\/\/riresdenfants-rouen.fr\/RE\/wp-content\/uploads\/2022\/11\/patea-modeler-en-duo-768x576.jpg 768w\" sizes=\"(max-width: 960px) 100vw, 960px\" \/><\/figure>\n\n\n\n<figure class=\"wp-block-image size-large\"><img loading=\"lazy\" decoding=\"async\" width=\"512\" height=\"384\" data-id=\"920\" src=\"https:\/\/riresdenfants-rouen.fr\/RE\/wp-content\/uploads\/2024\/12\/IMG_6320-512x384.jpeg\" alt=\"\" class=\"wp-image-920\" srcset=\"https:\/\/riresdenfants-rouen.fr\/RE\/wp-content\/uploads\/2024\/12\/IMG_6320-512x384.jpeg 512w, https:\/\/riresdenfants-rouen.fr\/RE\/wp-content\/uploads\/2024\/12\/IMG_6320-300x225.jpeg 300w, https:\/\/riresdenfants-rouen.fr\/RE\/wp-content\/uploads\/2024\/12\/IMG_6320-768x576.jpeg 768w, https:\/\/riresdenfants-rouen.fr\/RE\/wp-content\/uploads\/2024\/12\/IMG_6320-1536x1152.jpeg 1536w, https:\/\/riresdenfants-rouen.fr\/RE\/wp-content\/uploads\/2024\/12\/IMG_6320-2048x1536.jpeg 2048w\" sizes=\"(max-width: 512px) 100vw, 512px\" \/><\/figure>\n\n\n\n<figure class=\"wp-block-image size-large\"><img loading=\"lazy\" decoding=\"async\" width=\"384\" height=\"512\" data-id=\"895\" src=\"https:\/\/riresdenfants-rouen.fr\/RE\/wp-content\/uploads\/2024\/04\/nuage-384x512.jpeg\" alt=\"\" class=\"wp-image-895\" srcset=\"https:\/\/riresdenfants-rouen.fr\/RE\/wp-content\/uploads\/2024\/04\/nuage-384x512.jpeg 384w, https:\/\/riresdenfants-rouen.fr\/RE\/wp-content\/uploads\/2024\/04\/nuage-225x300.jpeg 225w, https:\/\/riresdenfants-rouen.fr\/RE\/wp-content\/uploads\/2024\/04\/nuage-768x1024.jpeg 768w, https:\/\/riresdenfants-rouen.fr\/RE\/wp-content\/uploads\/2024\/04\/nuage-1152x1536.jpeg 1152w, https:\/\/riresdenfants-rouen.fr\/RE\/wp-content\/uploads\/2024\/04\/nuage-1536x2048.jpeg 1536w, https:\/\/riresdenfants-rouen.fr\/RE\/wp-content\/uploads\/2024\/04\/nuage-scaled.jpeg 1920w\" sizes=\"(max-width: 384px) 100vw, 384px\" \/><\/figure>\n<\/figure>\n\n\n\n<p>Appuyer sur Echap (ou ESC) pour repasser en affichage normal<\/p>\n\n\n\n<p><\/p>\n","protected":false},"excerpt":{"rendered":"<p>Bonjour, et bienvenue sur le site de l&#8217;association rouennaise &#8220;Rires d&#8217;enfants&#8221;.&nbsp; Notre action, en partenariat avec le CHU de Rouen, vise \u00e0 apporter soutien et r\u00e9confort aux enfants hospitalis\u00e9s. L&#8217;attente d&#8217;une op\u00e9ration ou des soins peut s&#8217;av\u00e9rer difficile \u00e0 la fois pour les enfants, mais aussi pour les parents qui restent parfois nuit et jour [&hellip;]<\/p>\n","protected":false},"author":1,"featured_media":0,"parent":0,"menu_order":0,"comment_status":"closed","ping_status":"closed","template":"","meta":{"footnotes":""},"yoast_head":"<!-- This site is optimized with the Yoast SEO plugin v21.1 - https:\/\/yoast.com\/wordpress\/plugins\/seo\/ -->\n<title>Pr\u00e9sentation - Rires d&#039;enfants Rouen<\/title>\n<meta name=\"description\" content=\"Pr\u00e9sentation de l&#039;association\" \/>\n<meta name=\"robots\" content=\"index, follow, max-snippet:-1, max-image-preview:large, max-video-preview:-1\" \/>\n<link rel=\"canonical\" href=\"https:\/\/riresdenfants-rouen.fr\/RE\/accueil\/\" \/>\n<meta property=\"og:locale\" content=\"fr_FR\" \/>\n<meta property=\"og:type\" content=\"article\" \/>\n<meta property=\"og:title\" content=\"Pr\u00e9sentation - Rires d&#039;enfants Rouen\" \/>\n<meta property=\"og:description\" content=\"Pr\u00e9sentation de l&#039;association\" \/>\n<meta property=\"og:url\" content=\"https:\/\/riresdenfants-rouen.fr\/RE\/accueil\/\" \/>\n<meta property=\"og:site_name\" content=\"Rires d&#039;enfants Rouen\" \/>\n<meta property=\"article:publisher\" content=\"https:\/\/www.facebook.com\/Association-Rires-dEnfants-Rouen-211721688936602\/?view_public_for=211721688936602\" \/>\n<meta property=\"article:modified_time\" content=\"2024-12-09T12:50:13+00:00\" \/>\n<meta property=\"og:image\" content=\"https:\/\/riresdenfants-rouen.fr\/RE\/wp-content\/uploads\/2024\/04\/Dino-384x512.jpeg\" \/>\n<meta name=\"twitter:card\" content=\"summary_large_image\" \/>\n<meta name=\"twitter:label1\" content=\"Dur\u00e9e de lecture estim\u00e9e\" \/>\n\t<meta name=\"twitter:data1\" content=\"4 minutes\" \/>\n<script type=\"application\/ld+json\" class=\"yoast-schema-graph\">{\"@context\":\"https:\/\/schema.org\",\"@graph\":[{\"@type\":\"WebPage\",\"@id\":\"https:\/\/riresdenfants-rouen.fr\/RE\/accueil\/\",\"url\":\"https:\/\/riresdenfants-rouen.fr\/RE\/accueil\/\",\"name\":\"Pr\u00e9sentation - Rires d&#039;enfants Rouen\",\"isPartOf\":{\"@id\":\"https:\/\/riresdenfants-rouen.fr\/RE\/#website\"},\"datePublished\":\"2020-08-09T10:12:56+00:00\",\"dateModified\":\"2024-12-09T12:50:13+00:00\",\"description\":\"Pr\u00e9sentation de l'association\",\"breadcrumb\":{\"@id\":\"https:\/\/riresdenfants-rouen.fr\/RE\/accueil\/#breadcrumb\"},\"inLanguage\":\"fr-FR\",\"potentialAction\":[{\"@type\":\"ReadAction\",\"target\":[\"https:\/\/riresdenfants-rouen.fr\/RE\/accueil\/\"]}]},{\"@type\":\"BreadcrumbList\",\"@id\":\"https:\/\/riresdenfants-rouen.fr\/RE\/accueil\/#breadcrumb\",\"itemListElement\":[{\"@type\":\"ListItem\",\"position\":1,\"name\":\"Accueil\",\"item\":\"https:\/\/riresdenfants-rouen.fr\/RE\/\"},{\"@type\":\"ListItem\",\"position\":2,\"name\":\"Pr\u00e9sentation\"}]},{\"@type\":\"WebSite\",\"@id\":\"https:\/\/riresdenfants-rouen.fr\/RE\/#website\",\"url\":\"https:\/\/riresdenfants-rouen.fr\/RE\/\",\"name\":\"Rires d&#039;enfants Rouen\",\"description\":\"Rires d&#039;enfants intervient au CHU Rouen depuis plus de 40 ans pr\u00e8s des enfants malades avec 80 B\u00e9n\u00e9voles\",\"publisher\":{\"@id\":\"https:\/\/riresdenfants-rouen.fr\/RE\/#organization\"},\"potentialAction\":[{\"@type\":\"SearchAction\",\"target\":{\"@type\":\"EntryPoint\",\"urlTemplate\":\"https:\/\/riresdenfants-rouen.fr\/RE\/?s={search_term_string}\"},\"query-input\":\"required name=search_term_string\"}],\"inLanguage\":\"fr-FR\"},{\"@type\":\"Organization\",\"@id\":\"https:\/\/riresdenfants-rouen.fr\/RE\/#organization\",\"name\":\"Rires d&#039;enfants Rouen\",\"url\":\"https:\/\/riresdenfants-rouen.fr\/RE\/\",\"logo\":{\"@type\":\"ImageObject\",\"inLanguage\":\"fr-FR\",\"@id\":\"https:\/\/riresdenfants-rouen.fr\/RE\/#\/schema\/logo\/image\/\",\"url\":\"https:\/\/riresdenfants-rouen.fr\/RE\/wp-content\/uploads\/2020\/08\/cropped-cropped-rire_enfants_logo-e1504523736962-300x300-1-2.jpg\",\"contentUrl\":\"https:\/\/riresdenfants-rouen.fr\/RE\/wp-content\/uploads\/2020\/08\/cropped-cropped-rire_enfants_logo-e1504523736962-300x300-1-2.jpg\",\"width\":248,\"height\":248,\"caption\":\"Rires d&#039;enfants Rouen\"},\"image\":{\"@id\":\"https:\/\/riresdenfants-rouen.fr\/RE\/#\/schema\/logo\/image\/\"},\"sameAs\":[\"https:\/\/www.facebook.com\/Association-Rires-dEnfants-Rouen-211721688936602\/?view_public_for=211721688936602\"]}]}<\/script>\n<!-- \/ Yoast SEO plugin. -->","yoast_head_json":{"title":"Pr\u00e9sentation - Rires d&#039;enfants Rouen","description":"Pr\u00e9sentation de l'association","robots":{"index":"index","follow":"follow","max-snippet":"max-snippet:-1","max-image-preview":"max-image-preview:large","max-video-preview":"max-video-preview:-1"},"canonical":"https:\/\/riresdenfants-rouen.fr\/RE\/accueil\/","og_locale":"fr_FR","og_type":"article","og_title":"Pr\u00e9sentation - Rires d&#039;enfants Rouen","og_description":"Pr\u00e9sentation de l'association","og_url":"https:\/\/riresdenfants-rouen.fr\/RE\/accueil\/","og_site_name":"Rires d&#039;enfants Rouen","article_publisher":"https:\/\/www.facebook.com\/Association-Rires-dEnfants-Rouen-211721688936602\/?view_public_for=211721688936602","article_modified_time":"2024-12-09T12:50:13+00:00","og_image":[{"url":"https:\/\/riresdenfants-rouen.fr\/RE\/wp-content\/uploads\/2024\/04\/Dino-384x512.jpeg"}],"twitter_card":"summary_large_image","twitter_misc":{"Dur\u00e9e de lecture estim\u00e9e":"4 minutes"},"schema":{"@context":"https:\/\/schema.org","@graph":[{"@type":"WebPage","@id":"https:\/\/riresdenfants-rouen.fr\/RE\/accueil\/","url":"https:\/\/riresdenfants-rouen.fr\/RE\/accueil\/","name":"Pr\u00e9sentation - Rires d&#039;enfants Rouen","isPartOf":{"@id":"https:\/\/riresdenfants-rouen.fr\/RE\/#website"},"datePublished":"2020-08-09T10:12:56+00:00","dateModified":"2024-12-09T12:50:13+00:00","description":"Pr\u00e9sentation de l'association","breadcrumb":{"@id":"https:\/\/riresdenfants-rouen.fr\/RE\/accueil\/#breadcrumb"},"inLanguage":"fr-FR","potentialAction":[{"@type":"ReadAction","target":["https:\/\/riresdenfants-rouen.fr\/RE\/accueil\/"]}]},{"@type":"BreadcrumbList","@id":"https:\/\/riresdenfants-rouen.fr\/RE\/accueil\/#breadcrumb","itemListElement":[{"@type":"ListItem","position":1,"name":"Accueil","item":"https:\/\/riresdenfants-rouen.fr\/RE\/"},{"@type":"ListItem","position":2,"name":"Pr\u00e9sentation"}]},{"@type":"WebSite","@id":"https:\/\/riresdenfants-rouen.fr\/RE\/#website","url":"https:\/\/riresdenfants-rouen.fr\/RE\/","name":"Rires d&#039;enfants Rouen","description":"Rires d&#039;enfants intervient au CHU Rouen depuis plus de 40 ans pr\u00e8s des enfants malades avec 80 B\u00e9n\u00e9voles","publisher":{"@id":"https:\/\/riresdenfants-rouen.fr\/RE\/#organization"},"potentialAction":[{"@type":"SearchAction","target":{"@type":"EntryPoint","urlTemplate":"https:\/\/riresdenfants-rouen.fr\/RE\/?s={search_term_string}"},"query-input":"required name=search_term_string"}],"inLanguage":"fr-FR"},{"@type":"Organization","@id":"https:\/\/riresdenfants-rouen.fr\/RE\/#organization","name":"Rires d&#039;enfants Rouen","url":"https:\/\/riresdenfants-rouen.fr\/RE\/","logo":{"@type":"ImageObject","inLanguage":"fr-FR","@id":"https:\/\/riresdenfants-rouen.fr\/RE\/#\/schema\/logo\/image\/","url":"https:\/\/riresdenfants-rouen.fr\/RE\/wp-content\/uploads\/2020\/08\/cropped-cropped-rire_enfants_logo-e1504523736962-300x300-1-2.jpg","contentUrl":"https:\/\/riresdenfants-rouen.fr\/RE\/wp-content\/uploads\/2020\/08\/cropped-cropped-rire_enfants_logo-e1504523736962-300x300-1-2.jpg","width":248,"height":248,"caption":"Rires d&#039;enfants Rouen"},"image":{"@id":"https:\/\/riresdenfants-rouen.fr\/RE\/#\/schema\/logo\/image\/"},"sameAs":["https:\/\/www.facebook.com\/Association-Rires-dEnfants-Rouen-211721688936602\/?view_public_for=211721688936602"]}]}},"_links":{"self":[{"href":"https:\/\/riresdenfants-rouen.fr\/RE\/wp-json\/wp\/v2\/pages\/35"}],"collection":[{"href":"https:\/\/riresdenfants-rouen.fr\/RE\/wp-json\/wp\/v2\/pages"}],"about":[{"href":"https:\/\/riresdenfants-rouen.fr\/RE\/wp-json\/wp\/v2\/types\/page"}],"author":[{"embeddable":true,"href":"https:\/\/riresdenfants-rouen.fr\/RE\/wp-json\/wp\/v2\/users\/1"}],"replies":[{"embeddable":true,"href":"https:\/\/riresdenfants-rouen.fr\/RE\/wp-json\/wp\/v2\/comments?post=35"}],"version-history":[{"count":25,"href":"https:\/\/riresdenfants-rouen.fr\/RE\/wp-json\/wp\/v2\/pages\/35\/revisions"}],"predecessor-version":[{"id":925,"href":"https:\/\/riresdenfants-rouen.fr\/RE\/wp-json\/wp\/v2\/pages\/35\/revisions\/925"}],"wp:attachment":[{"href":"https:\/\/riresdenfants-rouen.fr\/RE\/wp-json\/wp\/v2\/media?parent=35"}],"curies":[{"name":"wp","href":"https:\/\/api.w.org\/{rel}","templated":true}]}}