{"id":106,"date":"2020-08-09T14:46:16","date_gmt":"2020-08-09T12:46:16","guid":{"rendered":"https:\/\/riresdenfants-rouen.fr\/RE\/?page_id=106"},"modified":"2024-12-09T14:30:38","modified_gmt":"2024-12-09T13:30:38","slug":"qui-sommes-nous","status":"publish","type":"page","link":"https:\/\/riresdenfants-rouen.fr\/RE\/qui-sommes-nous\/","title":{"rendered":"Qui sommes-nous"},"content":{"rendered":"\n<figure class=\"wp-block-gallery has-nested-images columns-default is-cropped wp-block-gallery-1 is-layout-flex wp-block-gallery-is-layout-flex\">\n<figure class=\"wp-block-image size-large\"><img loading=\"lazy\" decoding=\"async\" width=\"512\" height=\"443\" data-id=\"927\" src=\"https:\/\/riresdenfants-rouen.fr\/RE\/wp-content\/uploads\/2024\/12\/IMG_3229-512x443.jpeg\" alt=\"\" class=\"wp-image-927\" srcset=\"https:\/\/riresdenfants-rouen.fr\/RE\/wp-content\/uploads\/2024\/12\/IMG_3229-512x443.jpeg 512w, https:\/\/riresdenfants-rouen.fr\/RE\/wp-content\/uploads\/2024\/12\/IMG_3229-300x259.jpeg 300w, https:\/\/riresdenfants-rouen.fr\/RE\/wp-content\/uploads\/2024\/12\/IMG_3229-768x664.jpeg 768w, https:\/\/riresdenfants-rouen.fr\/RE\/wp-content\/uploads\/2024\/12\/IMG_3229-1536x1328.jpeg 1536w, https:\/\/riresdenfants-rouen.fr\/RE\/wp-content\/uploads\/2024\/12\/IMG_3229-2048x1770.jpeg 2048w\" sizes=\"(max-width: 512px) 100vw, 512px\" \/><\/figure>\n\n\n\n<figure class=\"wp-block-image size-large\"><img loading=\"lazy\" decoding=\"async\" width=\"512\" height=\"384\" data-id=\"911\" src=\"https:\/\/riresdenfants-rouen.fr\/RE\/wp-content\/uploads\/2024\/12\/IMG_0019-512x384.jpeg\" alt=\"\" class=\"wp-image-911\" srcset=\"https:\/\/riresdenfants-rouen.fr\/RE\/wp-content\/uploads\/2024\/12\/IMG_0019-512x384.jpeg 512w, https:\/\/riresdenfants-rouen.fr\/RE\/wp-content\/uploads\/2024\/12\/IMG_0019-300x225.jpeg 300w, https:\/\/riresdenfants-rouen.fr\/RE\/wp-content\/uploads\/2024\/12\/IMG_0019-768x576.jpeg 768w, https:\/\/riresdenfants-rouen.fr\/RE\/wp-content\/uploads\/2024\/12\/IMG_0019-1536x1152.jpeg 1536w, https:\/\/riresdenfants-rouen.fr\/RE\/wp-content\/uploads\/2024\/12\/IMG_0019-2048x1536.jpeg 2048w\" sizes=\"(max-width: 512px) 100vw, 512px\" \/><\/figure>\n\n\n\n<figure class=\"wp-block-image size-large\"><img loading=\"lazy\" decoding=\"async\" width=\"503\" height=\"512\" data-id=\"863\" src=\"https:\/\/riresdenfants-rouen.fr\/RE\/wp-content\/uploads\/2023\/12\/accueil-urg-503x512.jpeg\" alt=\"\" class=\"wp-image-863\" srcset=\"https:\/\/riresdenfants-rouen.fr\/RE\/wp-content\/uploads\/2023\/12\/accueil-urg-503x512.jpeg 503w, https:\/\/riresdenfants-rouen.fr\/RE\/wp-content\/uploads\/2023\/12\/accueil-urg-295x300.jpeg 295w, https:\/\/riresdenfants-rouen.fr\/RE\/wp-content\/uploads\/2023\/12\/accueil-urg-768x781.jpeg 768w, https:\/\/riresdenfants-rouen.fr\/RE\/wp-content\/uploads\/2023\/12\/accueil-urg.jpeg 1180w\" sizes=\"(max-width: 503px) 100vw, 503px\" \/><\/figure>\n\n\n\n<figure class=\"wp-block-image size-large\"><img loading=\"lazy\" decoding=\"async\" width=\"384\" height=\"512\" data-id=\"913\" src=\"https:\/\/riresdenfants-rouen.fr\/RE\/wp-content\/uploads\/2024\/12\/IMG_6328-384x512.jpeg\" alt=\"\" class=\"wp-image-913\" srcset=\"https:\/\/riresdenfants-rouen.fr\/RE\/wp-content\/uploads\/2024\/12\/IMG_6328-384x512.jpeg 384w, https:\/\/riresdenfants-rouen.fr\/RE\/wp-content\/uploads\/2024\/12\/IMG_6328-225x300.jpeg 225w, https:\/\/riresdenfants-rouen.fr\/RE\/wp-content\/uploads\/2024\/12\/IMG_6328-768x1024.jpeg 768w, https:\/\/riresdenfants-rouen.fr\/RE\/wp-content\/uploads\/2024\/12\/IMG_6328-1152x1536.jpeg 1152w, https:\/\/riresdenfants-rouen.fr\/RE\/wp-content\/uploads\/2024\/12\/IMG_6328-1536x2048.jpeg 1536w, https:\/\/riresdenfants-rouen.fr\/RE\/wp-content\/uploads\/2024\/12\/IMG_6328-scaled.jpeg 1920w\" sizes=\"(max-width: 384px) 100vw, 384px\" \/><\/figure>\n\n\n\n<figure class=\"wp-block-image size-large\"><img loading=\"lazy\" decoding=\"async\" width=\"384\" height=\"512\" data-id=\"928\" src=\"https:\/\/riresdenfants-rouen.fr\/RE\/wp-content\/uploads\/2024\/12\/IMG_1017-384x512.jpeg\" alt=\"\" class=\"wp-image-928\" srcset=\"https:\/\/riresdenfants-rouen.fr\/RE\/wp-content\/uploads\/2024\/12\/IMG_1017-384x512.jpeg 384w, https:\/\/riresdenfants-rouen.fr\/RE\/wp-content\/uploads\/2024\/12\/IMG_1017-225x300.jpeg 225w, https:\/\/riresdenfants-rouen.fr\/RE\/wp-content\/uploads\/2024\/12\/IMG_1017-768x1024.jpeg 768w, https:\/\/riresdenfants-rouen.fr\/RE\/wp-content\/uploads\/2024\/12\/IMG_1017-1152x1536.jpeg 1152w, https:\/\/riresdenfants-rouen.fr\/RE\/wp-content\/uploads\/2024\/12\/IMG_1017-1536x2048.jpeg 1536w, https:\/\/riresdenfants-rouen.fr\/RE\/wp-content\/uploads\/2024\/12\/IMG_1017-scaled.jpeg 1920w\" sizes=\"(max-width: 384px) 100vw, 384px\" \/><\/figure>\n<\/figure>\n\n\n\n<p>L&#8217;association &#8220;Rires d&#8217;Enfants&#8221; existe depuis 1992. Bas\u00e9e \u00e0 Rouen, elle a pour objectif de mener des&nbsp;<a href=\"http:\/\/www.riresdenfants-rouen.fr\/Activites\/activites.html\">activit\u00e9s<\/a>&nbsp;destin\u00e9es \u00e0 rendre plus agr\u00e9able le s\u00e9jour des enfants lors d&#8217;une hospitalisation. En partenariat avec le CHU de Rouen, les b\u00e9n\u00e9voles de l&#8217;association cr\u00e9ent des activit\u00e9s diverses bas\u00e9es sur la lecture, la musique, les marionnettes \u00e0 main, les jeux de soci\u00e9t\u00e9 et le travail manuel. Nous pensons aussi qu&#8217;une oreille attentive est indispensable dans ces moments difficiles : c&#8217;est pourquoi nous proposons \u00e0 ceux qui le d\u00e9sirent de les soulager de leurs angoisses et de leurs craintes en \u00e9tant tout simplement disponibles pour eux. Les parents appr\u00e9cient beaucoup cette initiative qui leur permet de &#8220;souffler&#8221; lorsqu&#8217;ils restent nuit et jour au chevet de leurs enfants.<br><\/p>\n\n\n\n<figure class=\"wp-block-image size-large\"><img loading=\"lazy\" decoding=\"async\" width=\"142\" height=\"34\" src=\"https:\/\/riresdenfants-rouen.fr\/RE\/wp-content\/uploads\/2020\/08\/image-4.png\" alt=\"\" class=\"wp-image-110\"\/><\/figure>\n\n\n\n<p><br>Au d\u00e9but, l&#8217;association proposait aux enfants un spectacle une fois par mois au 6\u00e8me \u00e9tage de l&#8217;h\u00f4pital. Mais rapidement, nous nous sommes aper\u00e7us que beaucoup d&#8217;entre eux ne pouvaient pas se d\u00e9placer pour diff\u00e9rentes raisons. Afin de ne pas les l\u00e9ser, nous avons d\u00e9cid\u00e9, avec l&#8217;accord des services responsables, de nous rapprocher des enfants alit\u00e9s : s&#8217;ils ne pouvaient pas venir \u00e0 nous, nous allions venir \u00e0 eux. C&#8217;est ainsi que nous avons r\u00e9fl\u00e9chi au d\u00e9veloppement de nouvelles activit\u00e9s, adapt\u00e9es aux lieux et enfants que nous rencontrions.&nbsp;Elle compte maintenant pr\u00e8s de cent b\u00e9n\u00e9voles pr\u00e9sents toute la semaine dans les services, aux urgences et aux consultations externes. Nous menons \u00e9galement des actions gr\u00e2ce aux dons pour am\u00e9liorer le cadre des urgences, des services, des chambres et des salles de consultation par des d\u00e9corations et du mobilier et de l&#8217;\u00e9clairage doux adapt\u00e9 aux activit\u00e9s.<\/p>\n\n\n\n<figure class=\"wp-block-image size-large\"><img loading=\"lazy\" decoding=\"async\" width=\"142\" height=\"34\" src=\"https:\/\/riresdenfants-rouen.fr\/RE\/wp-content\/uploads\/2020\/08\/image-2.png\" alt=\"\" class=\"wp-image-108\"\/><\/figure>\n\n\n\n<p>Notre structure fonctionne gr\u00e2ce \u00e0 des dons ponctuels ou r\u00e9guliers, mais aussi \u00e0 une \u00e9quipe de b\u00e9n\u00e9voles investis dans notre action. Le renouvellement des b\u00e9n\u00e9voles permet de d\u00e9velopper \u00e0 chaque fois de nouvelles activit\u00e9s, m\u00eame si nous poss\u00e9dons une ligne directrice \u00e0 laquelle nous ne d\u00e9rogeons pas : faire rire les enfants. Vous trouverez des exemples de nos activit\u00e9s dans la section du actualit\u00e9s.&nbsp;<\/p>\n\n\n\n<p>Le bureau de l&#8217;association &#8220;Rires d&#8217;Enfants&#8221; est compos\u00e9 de :<br>&#8211; Fran\u00e7oise GERVAISE, Pr\u00e9sidente<br>&#8211; Mich\u00e8le Avisse, Tr\u00e9sori\u00e8re<br>-Chantal Soutoul, secr\u00e9taire<\/p>\n\n\n\n<figure class=\"wp-block-image size-large\"><img loading=\"lazy\" decoding=\"async\" width=\"142\" height=\"34\" src=\"https:\/\/riresdenfants-rouen.fr\/RE\/wp-content\/uploads\/2020\/08\/image-3.png\" alt=\"\" class=\"wp-image-109\"\/><\/figure>\n\n\n\n<p><\/p>\n\n\n\n<p>Contact&nbsp;: via le formulaire<\/p>\n\n\n\n<p>Rires d\u2019enfants, 229 rue saint Julien, 76100, Rouen<\/p>\n\n\n\n<figure class=\"wp-block-image size-large\"><img loading=\"lazy\" decoding=\"async\" width=\"142\" height=\"34\" src=\"https:\/\/riresdenfants-rouen.fr\/RE\/wp-content\/uploads\/2020\/08\/image-1.png\" alt=\"\" class=\"wp-image-107\"\/><\/figure>\n\n\n\n<p>Rires d\u2019enfants, 229 rue saint Julien, 76100, Rouen<\/p>\n","protected":false},"excerpt":{"rendered":"<p>L&#8217;association &#8220;Rires d&#8217;Enfants&#8221; existe depuis 1992. Bas\u00e9e \u00e0 Rouen, elle a pour objectif de mener des&nbsp;activit\u00e9s&nbsp;destin\u00e9es \u00e0 rendre plus agr\u00e9able le s\u00e9jour des enfants lors d&#8217;une hospitalisation. En partenariat avec le CHU de Rouen, les b\u00e9n\u00e9voles de l&#8217;association cr\u00e9ent des activit\u00e9s diverses bas\u00e9es sur la lecture, la musique, les marionnettes \u00e0 main, les jeux de [&hellip;]<\/p>\n","protected":false},"author":1,"featured_media":0,"parent":0,"menu_order":0,"comment_status":"closed","ping_status":"closed","template":"","meta":{"footnotes":""},"yoast_head":"<!-- This site is optimized with the Yoast SEO plugin v21.1 - https:\/\/yoast.com\/wordpress\/plugins\/seo\/ -->\n<title>Qui sommes-nous - Rires d&#039;enfants Rouen<\/title>\n<meta name=\"robots\" content=\"index, follow, max-snippet:-1, max-image-preview:large, max-video-preview:-1\" \/>\n<link rel=\"canonical\" href=\"https:\/\/riresdenfants-rouen.fr\/RE\/qui-sommes-nous\/\" \/>\n<meta property=\"og:locale\" content=\"fr_FR\" \/>\n<meta property=\"og:type\" content=\"article\" \/>\n<meta property=\"og:title\" content=\"Qui sommes-nous - Rires d&#039;enfants Rouen\" \/>\n<meta property=\"og:description\" content=\"L&#8217;association &#8220;Rires d&#8217;Enfants&#8221; existe depuis 1992. Bas\u00e9e \u00e0 Rouen, elle a pour objectif de mener des&nbsp;activit\u00e9s&nbsp;destin\u00e9es \u00e0 rendre plus agr\u00e9able le s\u00e9jour des enfants lors d&#8217;une hospitalisation. En partenariat avec le CHU de Rouen, les b\u00e9n\u00e9voles de l&#8217;association cr\u00e9ent des activit\u00e9s diverses bas\u00e9es sur la lecture, la musique, les marionnettes \u00e0 main, les jeux de [&hellip;]\" \/>\n<meta property=\"og:url\" content=\"https:\/\/riresdenfants-rouen.fr\/RE\/qui-sommes-nous\/\" \/>\n<meta property=\"og:site_name\" content=\"Rires d&#039;enfants Rouen\" \/>\n<meta property=\"article:publisher\" content=\"https:\/\/www.facebook.com\/Association-Rires-dEnfants-Rouen-211721688936602\/?view_public_for=211721688936602\" \/>\n<meta property=\"article:modified_time\" content=\"2024-12-09T13:30:38+00:00\" \/>\n<meta property=\"og:image\" content=\"https:\/\/riresdenfants-rouen.fr\/RE\/wp-content\/uploads\/2024\/12\/IMG_3229-512x443.jpeg\" \/>\n<meta name=\"twitter:card\" content=\"summary_large_image\" \/>\n<meta name=\"twitter:label1\" content=\"Dur\u00e9e de lecture estim\u00e9e\" \/>\n\t<meta name=\"twitter:data1\" content=\"4 minutes\" \/>\n<script type=\"application\/ld+json\" class=\"yoast-schema-graph\">{\"@context\":\"https:\/\/schema.org\",\"@graph\":[{\"@type\":[\"WebPage\",\"CollectionPage\"],\"@id\":\"https:\/\/riresdenfants-rouen.fr\/RE\/qui-sommes-nous\/\",\"url\":\"https:\/\/riresdenfants-rouen.fr\/RE\/qui-sommes-nous\/\",\"name\":\"Qui sommes-nous - Rires d&#039;enfants Rouen\",\"isPartOf\":{\"@id\":\"https:\/\/riresdenfants-rouen.fr\/RE\/#website\"},\"datePublished\":\"2020-08-09T12:46:16+00:00\",\"dateModified\":\"2024-12-09T13:30:38+00:00\",\"breadcrumb\":{\"@id\":\"https:\/\/riresdenfants-rouen.fr\/RE\/qui-sommes-nous\/#breadcrumb\"},\"inLanguage\":\"fr-FR\"},{\"@type\":\"BreadcrumbList\",\"@id\":\"https:\/\/riresdenfants-rouen.fr\/RE\/qui-sommes-nous\/#breadcrumb\",\"itemListElement\":[{\"@type\":\"ListItem\",\"position\":1,\"name\":\"Accueil\",\"item\":\"https:\/\/riresdenfants-rouen.fr\/RE\/\"},{\"@type\":\"ListItem\",\"position\":2,\"name\":\"Qui sommes-nous\"}]},{\"@type\":\"WebSite\",\"@id\":\"https:\/\/riresdenfants-rouen.fr\/RE\/#website\",\"url\":\"https:\/\/riresdenfants-rouen.fr\/RE\/\",\"name\":\"Rires d&#039;enfants Rouen\",\"description\":\"Rires d&#039;enfants intervient au CHU Rouen depuis plus de 40 ans pr\u00e8s des enfants malades avec 80 B\u00e9n\u00e9voles\",\"publisher\":{\"@id\":\"https:\/\/riresdenfants-rouen.fr\/RE\/#organization\"},\"potentialAction\":[{\"@type\":\"SearchAction\",\"target\":{\"@type\":\"EntryPoint\",\"urlTemplate\":\"https:\/\/riresdenfants-rouen.fr\/RE\/?s={search_term_string}\"},\"query-input\":\"required name=search_term_string\"}],\"inLanguage\":\"fr-FR\"},{\"@type\":\"Organization\",\"@id\":\"https:\/\/riresdenfants-rouen.fr\/RE\/#organization\",\"name\":\"Rires d&#039;enfants Rouen\",\"url\":\"https:\/\/riresdenfants-rouen.fr\/RE\/\",\"logo\":{\"@type\":\"ImageObject\",\"inLanguage\":\"fr-FR\",\"@id\":\"https:\/\/riresdenfants-rouen.fr\/RE\/#\/schema\/logo\/image\/\",\"url\":\"https:\/\/riresdenfants-rouen.fr\/RE\/wp-content\/uploads\/2020\/08\/cropped-cropped-rire_enfants_logo-e1504523736962-300x300-1-2.jpg\",\"contentUrl\":\"https:\/\/riresdenfants-rouen.fr\/RE\/wp-content\/uploads\/2020\/08\/cropped-cropped-rire_enfants_logo-e1504523736962-300x300-1-2.jpg\",\"width\":248,\"height\":248,\"caption\":\"Rires d&#039;enfants Rouen\"},\"image\":{\"@id\":\"https:\/\/riresdenfants-rouen.fr\/RE\/#\/schema\/logo\/image\/\"},\"sameAs\":[\"https:\/\/www.facebook.com\/Association-Rires-dEnfants-Rouen-211721688936602\/?view_public_for=211721688936602\"]}]}<\/script>\n<!-- \/ Yoast SEO plugin. -->","yoast_head_json":{"title":"Qui sommes-nous - Rires d&#039;enfants Rouen","robots":{"index":"index","follow":"follow","max-snippet":"max-snippet:-1","max-image-preview":"max-image-preview:large","max-video-preview":"max-video-preview:-1"},"canonical":"https:\/\/riresdenfants-rouen.fr\/RE\/qui-sommes-nous\/","og_locale":"fr_FR","og_type":"article","og_title":"Qui sommes-nous - Rires d&#039;enfants Rouen","og_description":"L&#8217;association &#8220;Rires d&#8217;Enfants&#8221; existe depuis 1992. Bas\u00e9e \u00e0 Rouen, elle a pour objectif de mener des&nbsp;activit\u00e9s&nbsp;destin\u00e9es \u00e0 rendre plus agr\u00e9able le s\u00e9jour des enfants lors d&#8217;une hospitalisation. En partenariat avec le CHU de Rouen, les b\u00e9n\u00e9voles de l&#8217;association cr\u00e9ent des activit\u00e9s diverses bas\u00e9es sur la lecture, la musique, les marionnettes \u00e0 main, les jeux de [&hellip;]","og_url":"https:\/\/riresdenfants-rouen.fr\/RE\/qui-sommes-nous\/","og_site_name":"Rires d&#039;enfants Rouen","article_publisher":"https:\/\/www.facebook.com\/Association-Rires-dEnfants-Rouen-211721688936602\/?view_public_for=211721688936602","article_modified_time":"2024-12-09T13:30:38+00:00","og_image":[{"url":"https:\/\/riresdenfants-rouen.fr\/RE\/wp-content\/uploads\/2024\/12\/IMG_3229-512x443.jpeg"}],"twitter_card":"summary_large_image","twitter_misc":{"Dur\u00e9e de lecture estim\u00e9e":"4 minutes"},"schema":{"@context":"https:\/\/schema.org","@graph":[{"@type":["WebPage","CollectionPage"],"@id":"https:\/\/riresdenfants-rouen.fr\/RE\/qui-sommes-nous\/","url":"https:\/\/riresdenfants-rouen.fr\/RE\/qui-sommes-nous\/","name":"Qui sommes-nous - Rires d&#039;enfants Rouen","isPartOf":{"@id":"https:\/\/riresdenfants-rouen.fr\/RE\/#website"},"datePublished":"2020-08-09T12:46:16+00:00","dateModified":"2024-12-09T13:30:38+00:00","breadcrumb":{"@id":"https:\/\/riresdenfants-rouen.fr\/RE\/qui-sommes-nous\/#breadcrumb"},"inLanguage":"fr-FR"},{"@type":"BreadcrumbList","@id":"https:\/\/riresdenfants-rouen.fr\/RE\/qui-sommes-nous\/#breadcrumb","itemListElement":[{"@type":"ListItem","position":1,"name":"Accueil","item":"https:\/\/riresdenfants-rouen.fr\/RE\/"},{"@type":"ListItem","position":2,"name":"Qui sommes-nous"}]},{"@type":"WebSite","@id":"https:\/\/riresdenfants-rouen.fr\/RE\/#website","url":"https:\/\/riresdenfants-rouen.fr\/RE\/","name":"Rires d&#039;enfants Rouen","description":"Rires d&#039;enfants intervient au CHU Rouen depuis plus de 40 ans pr\u00e8s des enfants malades avec 80 B\u00e9n\u00e9voles","publisher":{"@id":"https:\/\/riresdenfants-rouen.fr\/RE\/#organization"},"potentialAction":[{"@type":"SearchAction","target":{"@type":"EntryPoint","urlTemplate":"https:\/\/riresdenfants-rouen.fr\/RE\/?s={search_term_string}"},"query-input":"required name=search_term_string"}],"inLanguage":"fr-FR"},{"@type":"Organization","@id":"https:\/\/riresdenfants-rouen.fr\/RE\/#organization","name":"Rires d&#039;enfants Rouen","url":"https:\/\/riresdenfants-rouen.fr\/RE\/","logo":{"@type":"ImageObject","inLanguage":"fr-FR","@id":"https:\/\/riresdenfants-rouen.fr\/RE\/#\/schema\/logo\/image\/","url":"https:\/\/riresdenfants-rouen.fr\/RE\/wp-content\/uploads\/2020\/08\/cropped-cropped-rire_enfants_logo-e1504523736962-300x300-1-2.jpg","contentUrl":"https:\/\/riresdenfants-rouen.fr\/RE\/wp-content\/uploads\/2020\/08\/cropped-cropped-rire_enfants_logo-e1504523736962-300x300-1-2.jpg","width":248,"height":248,"caption":"Rires d&#039;enfants Rouen"},"image":{"@id":"https:\/\/riresdenfants-rouen.fr\/RE\/#\/schema\/logo\/image\/"},"sameAs":["https:\/\/www.facebook.com\/Association-Rires-dEnfants-Rouen-211721688936602\/?view_public_for=211721688936602"]}]}},"_links":{"self":[{"href":"https:\/\/riresdenfants-rouen.fr\/RE\/wp-json\/wp\/v2\/pages\/106"}],"collection":[{"href":"https:\/\/riresdenfants-rouen.fr\/RE\/wp-json\/wp\/v2\/pages"}],"about":[{"href":"https:\/\/riresdenfants-rouen.fr\/RE\/wp-json\/wp\/v2\/types\/page"}],"author":[{"embeddable":true,"href":"https:\/\/riresdenfants-rouen.fr\/RE\/wp-json\/wp\/v2\/users\/1"}],"replies":[{"embeddable":true,"href":"https:\/\/riresdenfants-rouen.fr\/RE\/wp-json\/wp\/v2\/comments?post=106"}],"version-history":[{"count":9,"href":"https:\/\/riresdenfants-rouen.fr\/RE\/wp-json\/wp\/v2\/pages\/106\/revisions"}],"predecessor-version":[{"id":931,"href":"https:\/\/riresdenfants-rouen.fr\/RE\/wp-json\/wp\/v2\/pages\/106\/revisions\/931"}],"wp:attachment":[{"href":"https:\/\/riresdenfants-rouen.fr\/RE\/wp-json\/wp\/v2\/media?parent=106"}],"curies":[{"name":"wp","href":"https:\/\/api.w.org\/{rel}","templated":true}]}}